{"id":2836,"date":"2023-06-23T16:28:28","date_gmt":"2023-06-23T14:28:28","guid":{"rendered":"https:\/\/www.duepigroup.com\/?page_id=2836"},"modified":"2023-06-23T16:50:12","modified_gmt":"2023-06-23T14:50:12","slug":"m1_informations_page","status":"publish","type":"page","link":"https:\/\/www.duepigroup.com\/en\/m1_informations_page\/","title":{"rendered":"M1 informations page"},"content":{"rendered":"<section class=\"wpb-content-wrapper\"><p>[vc_row rt_row_background_width=&#8221;fullwidth&#8221; rt_row_content_width=&#8221;default&#8221; rt_row_style=&#8221;default-style&#8221; rt_row_height=&#8221;&#8221; rt_column_gaps=&#8221;&#8221; rt_row_shadows=&#8221;&#8221; rt_row_borders=&#8221;&#8221; rt_bg_effect=&#8221;classic&#8221; rt_bg_image_repeat=&#8221;repeat&#8221; rt_bg_size=&#8221;cover&#8221; rt_bg_position=&#8221;right top&#8221; rt_bg_attachment=&#8221;scroll&#8221; rt_bg_layer=&#8221;&#8221; rt_bg_video_format=&#8221;self-hosted&#8221; rt_class=&#8221;rt-2557489&#8243; rt_paddings=&#8221;120,30,,0&#8243; rt_margins=&#8221;,,,&#8221; rt_content_margins=&#8221;,,,&#8221; rt_tablet_paddings=&#8221;20,20,20,20&#8243; rt_tablet_margins=&#8221;,,,&#8221; rt_tablet_content_margins=&#8221;,,,&#8221; rt_sp_paddings=&#8221;15,15,15,15&#8243; rt_sp_margins=&#8221;,,,&#8221; rt_sp_content_margins=&#8221;,,,&#8221;][vc_column rt_bg_effect=&#8221;classic&#8221; rt_bg_image_repeat=&#8221;repeat&#8221; rt_bg_size=&#8221;auto auto&#8221; rt_bg_position=&#8221;right top&#8221; rt_bg_attachment=&#8221;scroll&#8221; rt_class=&#8221;rt-9012986&#8243; rt_margins=&#8221;,&#8221; rt_paddings=&#8221;,,0,0&#8243; rt_wrapper_paddings=&#8221;,,,&#8221; rt_tablet_margins=&#8221;,&#8221; rt_tablet_paddings=&#8221;,,,&#8221; rt_tablet_wrapper_paddings=&#8221;,,,&#8221; rt_sp_margins=&#8221;,&#8221; rt_sp_paddings=&#8221;,,,&#8221; rt_sp_wrapper_paddings=&#8221;,,,&#8221; rt_bg_color=&#8221;&#8221; rt_bg_overlay_color=&#8221;&#8221; css=&#8221;.vc_custom_1687531573715{border-top-width: 2px !important;border-bottom-width: 0px !important;padding-right: 25px !important;padding-bottom: 32px !important;padding-left: 25px !important;border-top-color: rgba(0,95,191,0.16) !important;border-top-style: solid !important;border-bottom-color: rgba(0,95,191,0.16) !important;border-bottom-style: solid !important;}&#8221;][vc_column_text]<\/p>\n<h2><img decoding=\"async\" class=\"wp-image-2869\" src=\"https:\/\/www.duepigroup.com\/wp-content\/uploads\/2023\/06\/en-150x150-1.png\" alt=\"en-150x150\" width=\"70\" height=\"70\" title=\"\" srcset=\"https:\/\/www.duepigroup.com\/wp-content\/uploads\/2023\/06\/en-150x150-1.png 150w, https:\/\/www.duepigroup.com\/wp-content\/uploads\/2023\/06\/en-150x150-1-75x75.png 75w, https:\/\/www.duepigroup.com\/wp-content\/uploads\/2023\/06\/en-150x150-1-100x100.png 100w\" sizes=\"(max-width: 70px) 100vw, 70px\" \/><strong>Home automation and connection with Alexa and Google Home<\/strong><\/h2>\n<p>[\/vc_column_text][vc_column_text]<\/p>\n<h5><strong><span style=\"color: #000000;\">Duepi, in order to improve its products, has developed an IoT server for interfacing with home automation systems and in particular with Alexa and Google Home devices.<\/span><\/strong><\/h5>\n<ul>\n<li><strong><span style=\"color: #000000;\">Versions prior to 2.0 only support the dpremote App<\/span><\/strong><\/li>\n<li><strong><span style=\"color: #000000;\">Versions from 2.0 to 2.9 Support App dpremote and Amazon Alexa and web App<\/span><\/strong><\/li>\n<li><strong><span style=\"color: #000000;\">Versions higher than 3.0 Support dpremote App, Amazon, Alexa Web App and Google Home via Samsung\u2019s SmartThings app<\/span><\/strong><\/li>\n<\/ul>\n<p><strong><span style=\"color: #000000;\"><span class=\"JLqJ4b ChMk0b\" data-language-for-alternatives=\"en\" data-language-to-translate-into=\"auto\" data-phrase-index=\"8\">There are some video tutorials for the configuration on our.<\/span> <span class=\"JLqJ4b ChMk0b\" data-language-for-alternatives=\"en\" data-language-to-translate-into=\"auto\" data-phrase-index=\"9\">Youtube channel.<\/span><\/span><\/strong>[\/vc_column_text][vc_separator style=&#8221;style-1&#8243; rt_class=&#8221;rt-6495182&#8243; margins=&#8221;,,,&#8221;][vc_column_text]<\/p>\n<h2><img decoding=\"async\" class=\"wp-image-2872\" src=\"https:\/\/www.duepigroup.com\/wp-content\/uploads\/2023\/06\/fra.png\" alt=\"fra\" width=\"70\" height=\"70\" title=\"\" srcset=\"https:\/\/www.duepigroup.com\/wp-content\/uploads\/2023\/06\/fra.png 226w, https:\/\/www.duepigroup.com\/wp-content\/uploads\/2023\/06\/fra-150x150.png 150w, https:\/\/www.duepigroup.com\/wp-content\/uploads\/2023\/06\/fra-113x112.png 113w, https:\/\/www.duepigroup.com\/wp-content\/uploads\/2023\/06\/fra-100x100.png 100w\" sizes=\"(max-width: 70px) 100vw, 70px\" \/><strong>Connexion domotique avec Alexa et Google Home<\/strong><\/h2>\n<p>[\/vc_column_text][vc_column_text]<\/p>\n<h5><strong><span style=\"color: #000000;\">Duepi, en vue d\u2019am\u00e9liorer ses produits, a d\u00e9velopp\u00e9 un serveur IoT pour l\u2019interfa\u00e7age avec les syst\u00e8mes domotiques et en particulier avec les appareils Alexa et Google Home.s.<\/span><\/strong><\/h5>\n<ul>\n<li><strong><span class=\"tlid-translation translation\" lang=\"fr\" style=\"color: #000000;\"><span title=\"\"><span class=\"VIiyi\" lang=\"fr\"><span class=\"JLqJ4b ChMk0b\" data-language-for-alternatives=\"fr\" data-language-to-translate-into=\"auto\" data-phrase-index=\"2\">Les versions ant\u00e9rieures \u00e0 2.0 ne prennent en charge que l\u2019application dpremote<\/span><\/span><\/span><\/span><\/strong><\/li>\n<li><strong><span class=\"tlid-translation translation\" lang=\"fr\" style=\"color: #000000;\"><span title=\"\"><span class=\"VIiyi\" lang=\"fr\"><span class=\"JLqJ4b ChMk0b\" data-language-for-alternatives=\"fr\" data-language-to-translate-into=\"auto\" data-phrase-index=\"4\">Versions de 2.0 \u00e0 2.9 Support App dpremote et Amazon Alexa et Web App<\/span><\/span><\/span><\/span><\/strong><\/li>\n<li><strong><span class=\"tlid-translation translation\" lang=\"fr\" style=\"color: #000000;\"><span title=\"\"><span class=\"VIiyi\" lang=\"fr\"><span class=\"JLqJ4b ChMk0b\" data-language-for-alternatives=\"fr\" data-language-to-translate-into=\"auto\" data-phrase-index=\"6\">Les versions sup\u00e9rieures \u00e0 3.0 prennent en charge l\u2019application dpremote, Amazon, l\u2019application Web Alexa et Google Home via l\u2019application SmartThings de Samsung<\/span><\/span><\/span><\/span><\/strong><\/li>\n<\/ul>\n<p><strong><span style=\"color: #000000;\"><span class=\"JLqJ4b ChMk0b\" data-language-for-alternatives=\"fr\" data-language-to-translate-into=\"auto\" data-phrase-index=\"8\">Il existe des didacticiels vid\u00e9o pour la configuration sur notre.<\/span> <span class=\"JLqJ4b ChMk0b\" data-language-for-alternatives=\"fr\" data-language-to-translate-into=\"auto\" data-phrase-index=\"9\">Cha\u00eene Youtube.<\/span><\/span><\/strong>[\/vc_column_text][vc_separator style=&#8221;style-1&#8243; rt_class=&#8221;rt-6495182&#8243; margins=&#8221;,,,&#8221;][vc_column_text]<\/p>\n<h2><img decoding=\"async\" class=\"alignnone wp-image-2875\" src=\"https:\/\/www.duepigroup.com\/wp-content\/uploads\/2023\/06\/ger.png\" alt=\"ger\" width=\"70\" height=\"70\" title=\"\" srcset=\"https:\/\/www.duepigroup.com\/wp-content\/uploads\/2023\/06\/ger.png 220w, https:\/\/www.duepigroup.com\/wp-content\/uploads\/2023\/06\/ger-150x150.png 150w, https:\/\/www.duepigroup.com\/wp-content\/uploads\/2023\/06\/ger-110x110.png 110w, https:\/\/www.duepigroup.com\/wp-content\/uploads\/2023\/06\/ger-100x100.png 100w\" sizes=\"(max-width: 70px) 100vw, 70px\" \/><strong>Hausautomationsverbindung mit Alexa und Google Home<\/strong><\/h2>\n<p>[\/vc_column_text][vc_column_text]<\/p>\n<h5><strong><span class=\"tlid-translation translation\" lang=\"en\" style=\"color: #000000;\"><span title=\"\"><span class=\"tlid-translation translation\" lang=\"de\"><span class=\"VIiyi\" lang=\"de\"><span class=\"JLqJ4b ChMk0b\" data-language-for-alternatives=\"de\" data-language-to-translate-into=\"auto\" data-phrase-index=\"0\">Duepi hat im Hinblick auf die Verbesserung seiner Produkte einen IoT-Server f\u00fcr die Anbindung an Hausautomationssysteme und insbesondere an Alexa- und Google Home-Ger\u00e4te entwickelt.<\/span><\/span><\/span><\/span><\/span><\/strong><\/h5>\n<ul>\n<li><strong><span class=\"tlid-translation translation\" lang=\"en\" style=\"color: #000000;\"><span title=\"\"><span class=\"tlid-translation translation\" lang=\"de\"><span class=\"VIiyi\" lang=\"de\"><span class=\"JLqJ4b ChMk0b\" data-language-for-alternatives=\"de\" data-language-to-translate-into=\"auto\" data-phrase-index=\"2\">Versionen vor 2.0 unterst\u00fctzen nur die dpremote App<\/span><\/span><\/span><\/span><\/span><\/strong><\/li>\n<li><strong><span class=\"tlid-translation translation\" lang=\"en\" style=\"color: #000000;\"><span title=\"\"><span class=\"tlid-translation translation\" lang=\"de\"><span class=\"VIiyi\" lang=\"de\"><span class=\"JLqJ4b ChMk0b\" data-language-for-alternatives=\"de\" data-language-to-translate-into=\"auto\" data-phrase-index=\"4\">Versionen von 2.0 bis 2.9 unterst\u00fctzen App dpremote und Amazon Alexa und Web App<\/span><\/span><\/span><\/span><\/span><\/strong><\/li>\n<li><strong><span class=\"tlid-translation translation\" lang=\"en\" style=\"color: #000000;\"><span title=\"\"><span class=\"tlid-translation translation\" lang=\"de\"><span class=\"VIiyi\" lang=\"de\"><span class=\"JLqJ4b ChMk0b\" data-language-for-alternatives=\"de\" data-language-to-translate-into=\"auto\" data-phrase-index=\"6\">Versionen h\u00f6her als 3.0 unterst\u00fctzen dpremote App, Amazon, Alexa Web App und Google Home \u00fcber die SmartThings-App von Samsung<\/span><\/span><\/span><\/span><\/span><\/strong><\/li>\n<\/ul>\n<p><strong><span class=\"tlid-translation translation\" lang=\"en\" style=\"color: #000000;\"><span title=\"\"><span class=\"tlid-translation translation\" lang=\"de\"><span class=\"VIiyi\" lang=\"de\"><span class=\"JLqJ4b ChMk0b\" data-language-for-alternatives=\"de\" data-language-to-translate-into=\"auto\" data-phrase-index=\"8\">Es gibt einige Video-Tutorials f\u00fcr die Konfiguration auf unserer.<\/span> <span class=\"JLqJ4b ChMk0b\" data-language-for-alternatives=\"de\" data-language-to-translate-into=\"auto\" data-phrase-index=\"9\">Youtube Kanal.<\/span><\/span><\/span><\/span><\/span><\/strong>[\/vc_column_text][vc_separator style=&#8221;style-1&#8243; rt_class=&#8221;rt-6495182&#8243; margins=&#8221;,,,&#8221;][vc_column_text]<\/p>\n<h2><img loading=\"lazy\" decoding=\"async\" class=\"alignnone wp-image-2877\" src=\"https:\/\/www.duepigroup.com\/wp-content\/uploads\/2023\/06\/spa-150x150-1.png\" alt=\"spa-150x150\" width=\"70\" height=\"70\" title=\"\" srcset=\"https:\/\/www.duepigroup.com\/wp-content\/uploads\/2023\/06\/spa-150x150-1.png 150w, https:\/\/www.duepigroup.com\/wp-content\/uploads\/2023\/06\/spa-150x150-1-75x75.png 75w, https:\/\/www.duepigroup.com\/wp-content\/uploads\/2023\/06\/spa-150x150-1-100x100.png 100w\" sizes=\"(max-width: 70px) 100vw, 70px\" \/><strong>Conexi\u00f3n dom\u00f3tica con Alexa y Google Home<\/strong><\/h2>\n<p>[\/vc_column_text][vc_column_text]<\/p>\n<h5><strong><span class=\"tlid-translation translation\" lang=\"en\" style=\"color: #000000;\"><span title=\"\"><span class=\"tlid-translation translation\" lang=\"de\"><span class=\"tlid-translation translation\" lang=\"es\"><span class=\"VIiyi\" lang=\"es\"><span class=\"JLqJ4b ChMk0b\" data-language-for-alternatives=\"es\" data-language-to-translate-into=\"auto\" data-phrase-index=\"0\">Duepi, con el fin de mejorar sus productos, ha desarrollado un servidor IoT para interactuar con los sistemas de automatizaci\u00f3n del hogar y, en particular, con los dispositivos Alexa y Google Home.<\/span><\/span><\/span><\/span><\/span><\/span><\/strong><\/h5>\n<ul>\n<li><strong><span class=\"tlid-translation translation\" lang=\"en\" style=\"color: #000000;\"><span title=\"\"><span class=\"tlid-translation translation\" lang=\"de\"><span class=\"tlid-translation translation\" lang=\"es\"><span class=\"VIiyi\" lang=\"es\"><span class=\"JLqJ4b ChMk0b\" data-language-for-alternatives=\"es\" data-language-to-translate-into=\"auto\" data-phrase-index=\"2\">Las versiones anteriores a la 2.0 solo admiten la aplicaci\u00f3n dpremote<\/span><\/span><\/span><\/span><\/span><\/span><\/strong><\/li>\n<li><strong><span class=\"tlid-translation translation\" lang=\"en\" style=\"color: #000000;\"><span title=\"\"><span class=\"tlid-translation translation\" lang=\"de\"><span class=\"tlid-translation translation\" lang=\"es\"><span class=\"VIiyi\" lang=\"es\"><span class=\"JLqJ4b ChMk0b\" data-language-for-alternatives=\"es\" data-language-to-translate-into=\"auto\" data-phrase-index=\"4\">Versiones de 2.0 a 2.9 Admite la aplicaci\u00f3n dpremote y Amazon Alexa y la aplicaci\u00f3n web<\/span><\/span><\/span><\/span><\/span><\/span><\/strong><\/li>\n<li><strong><span class=\"tlid-translation translation\" lang=\"en\" style=\"color: #000000;\"><span title=\"\"><span class=\"tlid-translation translation\" lang=\"de\"><span class=\"tlid-translation translation\" lang=\"es\"><span class=\"VIiyi\" lang=\"es\"><span class=\"JLqJ4b ChMk0b\" data-language-for-alternatives=\"es\" data-language-to-translate-into=\"auto\" data-phrase-index=\"6\">Las versiones superiores a 3.0 son compatibles con la aplicaci\u00f3n dpremote, Amazon, la aplicaci\u00f3n web Alexa y Google Home a trav\u00e9s de la aplicaci\u00f3n SmartThings de Samsung<\/span>.<\/span><\/span><\/span><\/span><\/span><\/strong><\/li>\n<\/ul>\n<p><strong><span class=\"tlid-translation translation\" lang=\"en\" style=\"color: #000000;\"><span title=\"\"><span class=\"tlid-translation translation\" lang=\"de\"><span class=\"tlid-translation translation\" lang=\"es\"><span class=\"VIiyi\" lang=\"es\"><span class=\"JLqJ4b ChMk0b\" data-language-for-alternatives=\"es\" data-language-to-translate-into=\"auto\" data-phrase-index=\"8\">Hay algunos videos tutoriales para la configuraci\u00f3n en nuestro.<\/span> <span class=\"JLqJ4b ChMk0b\" data-language-for-alternatives=\"es\" data-language-to-translate-into=\"auto\" data-phrase-index=\"9\">Canal de Youtube.<\/span><\/span><\/span><\/span><\/span><\/span><\/strong>[\/vc_column_text][vc_separator style=&#8221;style-1&#8243; rt_class=&#8221;rt-6495182&#8243; margins=&#8221;,,,&#8221;][\/vc_column][\/vc_row][vc_row rt_row_background_width=&#8221;fullwidth&#8221; rt_row_content_width=&#8221;default&#8221; rt_row_style=&#8221;default-style&#8221; rt_row_height=&#8221;&#8221; rt_column_view=&#8221;equal_heights&#8221; rt_column_gaps=&#8221;&#8221; rt_row_shadows=&#8221;&#8221; rt_row_borders=&#8221;&#8221; rt_bg_effect=&#8221;classic&#8221; rt_bg_image_repeat=&#8221;repeat&#8221; rt_bg_size=&#8221;cover&#8221; rt_bg_position=&#8221;right top&#8221; rt_bg_attachment=&#8221;scroll&#8221; rt_bg_layer=&#8221;&#8221; rt_bg_video_format=&#8221;self-hosted&#8221; rt_class=&#8221;rt-8841214&#8243; rt_paddings=&#8221;0,32,0,0&#8243; rt_margins=&#8221;,,,&#8221; rt_content_margins=&#8221;,,,&#8221; rt_tablet_paddings=&#8221;20,20,20,20&#8243; rt_tablet_margins=&#8221;,,,&#8221; rt_tablet_content_margins=&#8221;,,,&#8221; rt_sp_paddings=&#8221;15,15,15,15&#8243; rt_sp_margins=&#8221;,,,&#8221; rt_sp_content_margins=&#8221;,,,&#8221;][vc_column width=&#8221;1\/2&#8243; rt_bg_effect=&#8221;classic&#8221; rt_bg_image_repeat=&#8221;repeat&#8221; rt_bg_size=&#8221;auto auto&#8221; rt_bg_position=&#8221;right top&#8221; rt_bg_attachment=&#8221;scroll&#8221; rt_class=&#8221;rt-2027431&#8243; rt_margins=&#8221;,&#8221; rt_paddings=&#8221;,,05,5&#8243; rt_wrapper_paddings=&#8221;,,,&#8221; rt_tablet_margins=&#8221;,&#8221; rt_tablet_paddings=&#8221;,,,&#8221; rt_tablet_wrapper_paddings=&#8221;,,,&#8221; rt_sp_margins=&#8221;,&#8221; rt_sp_paddings=&#8221;,,,&#8221; rt_sp_wrapper_paddings=&#8221;,,,&#8221; rt_bg_color=&#8221;&#8221; rt_bg_overlay_color=&#8221;&#8221; css=&#8221;.vc_custom_1687530062967{padding-top: 15px !important;padding-right: 35px !important;padding-bottom: 45px !important;padding-left: 35px !important;background-color: #f9f9f9 !important;}&#8221;][vc_column_text]<\/p>\n<h5 style=\"text-align: center;\"><span style=\"color: #000000;\">How to check the firmware version<br \/>\nComment v\u00e9rifier la version du firmware<br \/>\nSo \u00fcberpr\u00fcfen Sie die Firmware-Version<br \/>\nC\u00f3mo verificar la versi\u00f3n del firmware.<\/span><\/h5>\n<p>[\/vc_column_text][vc_single_image image=&#8221;2837&#8243; img_size=&#8221;full&#8221; alignment=&#8221;center&#8221;][\/vc_column][vc_column width=&#8221;1\/2&#8243; rt_bg_effect=&#8221;classic&#8221; rt_bg_image_repeat=&#8221;repeat&#8221; rt_bg_size=&#8221;auto auto&#8221; rt_bg_position=&#8221;right top&#8221; rt_bg_attachment=&#8221;scroll&#8221; css=&#8221;.vc_custom_1687530081762{padding-top: 15px !important;padding-right: 35px !important;padding-bottom: 35px !important;padding-left: 35px !important;}&#8221; rt_class=&#8221;rt-5230693&#8243; rt_margins=&#8221;,&#8221; rt_paddings=&#8221;,,,&#8221; rt_wrapper_paddings=&#8221;,,,&#8221; rt_tablet_margins=&#8221;,&#8221; rt_tablet_paddings=&#8221;,,,&#8221; rt_tablet_wrapper_paddings=&#8221;,,,&#8221; rt_sp_margins=&#8221;,&#8221; rt_sp_paddings=&#8221;,,,&#8221; rt_sp_wrapper_paddings=&#8221;,,,&#8221; rt_bg_color=&#8221;&#8221; rt_bg_overlay_color=&#8221;&#8221;][vc_separator style=&#8221;style-1&#8243; rt_class=&#8221;rt-6495182&#8243; margins=&#8221;,,,&#8221;][vc_column_text]<\/p>\n<h5 style=\"text-align: center;\"><span style=\"color: #000000;\">Link to our Youtube Channel<br \/>\nLien vers notre cha\u00eene youtube<br \/>\nLink zu unserem Youtube-Kanal<br \/>\nEnlace a nuestro canal de youtube.<\/span><\/h5>\n<p>[\/vc_column_text][vc_single_image image=&#8221;2847&#8243; img_size=&#8221;300&#215;68&#8243; alignment=&#8221;center&#8221; onclick=&#8221;custom_link&#8221; img_link_target=&#8221;_blank&#8221; link=&#8221;https:\/\/www.youtube.com\/@duepigroup3144&#8243; css=&#8221;.vc_custom_1687530170918{padding-top: 20px !important;padding-right: 20px !important;padding-bottom: 20px !important;padding-left: 20px !important;background-color: #f9f9f9 !important;}&#8221;][vc_separator style=&#8221;style-1&#8243; rt_class=&#8221;rt-6495182&#8243; margins=&#8221;,,,&#8221;][\/vc_column][\/vc_row]<\/p>\n<\/section>","protected":false},"excerpt":{"rendered":"<p>[vc_row rt_row_background_width=&#8221;fullwidth&#8221; rt_row_content_width=&#8221;default&#8221; rt_row_style=&#8221;default-style&#8221; rt_row_height=&#8221;&#8221; rt_column_gaps=&#8221;&#8221; rt_row_shadows=&#8221;&#8221; rt_row_borders=&#8221;&#8221; rt_bg_effect=&#8221;classic&#8221; rt_bg_image_repeat=&#8221;repeat&#8221; rt_bg_size=&#8221;cover&#8221; rt_bg_position=&#8221;right top&#8221; rt_bg_attachment=&#8221;scroll&#8221; rt_bg_layer=&#8221;&#8221; rt_bg_video_format=&#8221;self-hosted&#8221; rt_class=&#8221;rt-2557489&#8243; rt_paddings=&#8221;120,30,,0&#8243; rt_margins=&#8221;,,,&#8221; rt_content_margins=&#8221;,,,&#8221; rt_tablet_paddings=&#8221;20,20,20,20&#8243; rt_tablet_margins=&#8221;,,,&#8221; rt_tablet_content_margins=&#8221;,,,&#8221; rt_sp_paddings=&#8221;15,15,15,15&#8243; rt_sp_margins=&#8221;,,,&#8221; rt_sp_content_margins=&#8221;,,,&#8221;][vc_column rt_bg_effect=&#8221;classic&#8221; rt_bg_image_repeat=&#8221;repeat&#8221; rt_bg_size=&#8221;auto auto&#8221; rt_bg_position=&#8221;right top&#8221; rt_bg_attachment=&#8221;scroll&#8221; rt_class=&#8221;rt-9012986&#8243; rt_margins=&#8221;,&#8221; rt_paddings=&#8221;,,0,0&#8243; rt_wrapper_paddings=&#8221;,,,&#8221; rt_tablet_margins=&#8221;,&#8221; rt_tablet_paddings=&#8221;,,,&#8221; rt_tablet_wrapper_paddings=&#8221;,,,&#8221; rt_sp_margins=&#8221;,&#8221; rt_sp_paddings=&#8221;,,,&#8221; rt_sp_wrapper_paddings=&#8221;,,,&#8221; rt_bg_color=&#8221;&#8221; rt_bg_overlay_color=&#8221;&#8221; css=&#8221;.vc_custom_1687531573715{border-top-width: 2px !important;border-bottom-width: 0px !important;padding-right: 25px !important;padding-bottom: 32px !important;padding-left: 25px [&hellip;]<\/p>\n","protected":false},"author":1,"featured_media":0,"parent":0,"menu_order":0,"comment_status":"closed","ping_status":"closed","template":"","meta":{"footnotes":""},"class_list":["post-2836","page","type-page","status-publish","hentry"],"_links":{"self":[{"href":"https:\/\/www.duepigroup.com\/en\/wp-json\/wp\/v2\/pages\/2836","targetHints":{"allow":["GET"]}}],"collection":[{"href":"https:\/\/www.duepigroup.com\/en\/wp-json\/wp\/v2\/pages"}],"about":[{"href":"https:\/\/www.duepigroup.com\/en\/wp-json\/wp\/v2\/types\/page"}],"author":[{"embeddable":true,"href":"https:\/\/www.duepigroup.com\/en\/wp-json\/wp\/v2\/users\/1"}],"replies":[{"embeddable":true,"href":"https:\/\/www.duepigroup.com\/en\/wp-json\/wp\/v2\/comments?post=2836"}],"version-history":[{"count":0,"href":"https:\/\/www.duepigroup.com\/en\/wp-json\/wp\/v2\/pages\/2836\/revisions"}],"wp:attachment":[{"href":"https:\/\/www.duepigroup.com\/en\/wp-json\/wp\/v2\/media?parent=2836"}],"curies":[{"name":"wp","href":"https:\/\/api.w.org\/{rel}","templated":true}]}}